{"id":36,"date":"2023-10-02T20:54:08","date_gmt":"2023-10-02T20:54:08","guid":{"rendered":"http:\/\/localhost:10018\/?page_id=36"},"modified":"2024-02-13T16:09:49","modified_gmt":"2024-02-13T16:09:49","slug":"kolacici","status":"publish","type":"page","link":"https:\/\/theredconference.com\/en\/cookie-policy\/","title":{"rendered":"Cookie policy"},"content":{"rendered":"<h1 class=\"p1\"><b>Politika kola\u010di\u0107a<\/b><\/h1>\n<p class=\"p1\">HESA Group d.o.o.<\/p>\n<p class=\"p1\">sa sjedi\u0161tem u Zagrebu,<span class=\"Apple-converted-space\">\u00a0<\/span><\/p>\n<p class=\"p1\">Trg Ivana, Antuna i Vladimira Ma\u017eurani\u0107a 13,<span class=\"Apple-converted-space\">\u00a0<\/span><\/p>\n<p class=\"p1\">OIB: 66631337112,<span class=\"Apple-converted-space\">\u00a0<\/span><\/p>\n<p class=\"p1\">upisano pri sudskom registru Trgova\u010dkog suda u Zagrebu pod MBS: 080476091,<span class=\"Apple-converted-space\">\u00a0<\/span><\/p>\n<p class=\"p1\">kontakt: info@hesa-group.com (\u201eHESA Group\u201c)<\/p>\n<p class=\"p1\">Datum stupanja na snagu: 11.2.2024.<\/p>\n<p class=\"p1\">Dobrodo\u0161li na theredconference.com. Na\u0161e internetske stranice koriste tehnologiju za automatsko prikupljanje informacija o uporabi. Naime, kada pristupite na ili koristite na\u0161e usluge dostupne na internetskoj stranici\u00a0RED Conference (www.theredconference.com), prikupljamo odre\u0111ene podatke iz Va\u0161eg preglednika (pomo\u0107u tzv. \u201ekola\u010di\u0107a\u201c). Kola\u010di\u0107i nam omogu\u0107avaju da vidimo koje ste stranice posjetili, kako bismo upravljali na\u0161om internetskom stranicom i na\u0161im tehni\u010dkim rje\u0161enjima te osigurali sigurnost na\u0161e internetske stranice.<\/p>\n<p class=\"p1\">Ovu Politiku kola\u010di\u0107a treba \u010ditati zajedno s na\u0161om Politikom privatnosti i na\u0161im <a href=\"https:\/\/theredconference.com\/opci-uvjeti\/\"><span class=\"s1\"><b>Op\u0107im uvjetima<\/b><\/span><\/a> kori\u0161tenja.<\/p>\n<p class=\"p1\"><b>\u0160to su kola\u010di\u0107i<\/b><\/p>\n<p class=\"p1\">Kola\u010di\u0107i su male tekstualne datoteke koje se postavljaju na va\u0161e ra\u010dunalo ili mobilni ure\u0111aj kada posjetite web stranicu. Osmi\u0161ljeni su za dr\u017eanje skromne koli\u010dine podataka specifi\u010dnih za odre\u0111enog korisnika i web mjesto i mo\u017ee im se pristupiti putem web poslu\u017eitelja ili ra\u010dunala korisnika.<\/p>\n<p class=\"p1\"><b>Informacije koje kola\u010di\u0107i mogu pohranjivati<\/b><\/p>\n<p class=\"p1\">Kola\u010di\u0107i mogu pohranjivati \u0161irok pojas informacija uklju\u010duju\u0107i (podatke o posjetama korisnika na\u0161im internetskim stranicama uklju\u010duju\u0107i, bez ograni\u010denja, IP adresu,<span class=\"Apple-converted-space\">\u00a0 <\/span>podatke o ure\u0111aju kojim ste se spojili na internet, vrstu i verziju Internet preglednika koji koristite, podatke o pretra\u017eiva\u010du, vremenske oznake, lokacijske podatke)<\/p>\n<p class=\"p1\"><b>Vrste kola\u010di\u0107a<\/b><\/p>\n<p class=\"p1\"><b>Nu\u017eni\/tehni\u010dki kola\u010di\u0107i<\/b><\/p>\n<p class=\"p1\">Nu\u017eni kola\u010di\u0107i omogu\u0107uju osnovne funkcije poput navigacije po internetskoj stranici i mogu\u0107nost prijave u sigurna podru\u010dja bez kojih internetsko mjesto i usluge sadr\u017eane na istoj ne mogu valjano funkcionirati. Stoga nam za njih ne treba va\u0161a privola. <span class=\"s2\">Mo\u017eete ih onemogu\u0107iti putem svog preglednika, no ako odlu\u010dite onemogu\u0107iti ili odbiti ove kola\u010di\u0107e, internetska stranica ne\u0107e ispravno funkcionirati.<\/span><\/p>\n<p class=\"p4\"><strong>Funkcionalni kola\u010di\u0107i<\/strong><\/p>\n<p class=\"p4\">Funkcionalni kola\u010di\u0107i omogu\u0107uju pru\u017eanje pobolj\u0161ane funkcionalnosti i personalizaciju Internetske stranice, kao npr. pam\u0107enje jezika na kojem se prikazuje sadr\u017eaj stranice.<\/p>\n<p class=\"p1\"><b>Analiti\u010dki\/statisti\u010dki kola\u010di\u0107i<\/b><\/p>\n<p class=\"p1\">Analiti\u010dki\/statisti\u010dki kola\u010di\u0107i poma\u017eu vlasnicima internetskih stranica da shvate kako posjetitelji komuniciraju s internetskom lokacijama prikupljanjem i izvje\u0161\u0107ivanjem informacija na anonimnoj bazi. Ovi podaci se prikupljaju isklju\u010divo ukoliko ste nam dali va\u0161u prethodnu privolu.<\/p>\n<p class=\"p1\"><b>Marketin\u0161ki kola\u010di\u0107i<\/b><\/p>\n<p class=\"p1\">Marketin\u0161ki kola\u010di\u0107i<b> <\/b>se koriste za pra\u0107enje posjetitelja na internetskim stranicama. Svrha je prikazivanje oglasa koji su relevantni i zanimljivi za pojedinog korisnika te stoga zna\u010dajniji za izdava\u010de i ogla\u0161iva\u010de tre\u0107e strane. Ovi podaci se prikupljaju isklju\u010divo ukoliko ste nam dali va\u0161u prethodnu privolu.<span class=\"Apple-converted-space\">\u00a0<\/span><\/p>\n<p class=\"p1\"><b>Privremeni kola\u010di\u0107i<\/b><\/p>\n<p class=\"p1\">Privremeni kola\u010di\u0107i ili kola\u010di\u0107i sesije uklanjaju se s ra\u010dunala po zatvaranju internetskog preglednika. Pomo\u0107u privremenih kola\u010di\u0107a internetska mjesta pohranjuju privremene podatke, poput posljednjih nekoliko stranica koje ste otvorili na stranici koju posje\u0107ujete.<\/p>\n<p class=\"p1\"><b>Trajni kola\u010di\u0107i<\/b><\/p>\n<p class=\"p1\">Trajni ili spremljeni kola\u010di\u0107i ostaju pohranjeni na ra\u010dunalu nakon zatvaranja internetskog preglednika <span class=\"s2\">i na\u0161a internetska stranica im mo\u017ee pristupiti svaki put kad ju ponovno posjetite<\/span>. Stalni kola\u010di\u0107i mogu ostati na ra\u010dunalu ili mobilnom ure\u0111aju danima, mjesecima, \u010dak i godinama. Pomo\u0107u njih Internet mjesta pohranjuju podatke, kao \u0161to su ime za prijavu i lozinka ili postavke o kola\u010di\u0107ima ili odabiru jezika tako da ih ne morate ponovno unositi prilikom svakog idu\u0107eg posjeta.<span class=\"Apple-converted-space\">\u00a0<\/span><\/p>\n<p class=\"p1\"><b>Kola\u010di\u0107i prve strane<\/b><\/p>\n<p class=\"p1\">Kola\u010di\u0107i prve strane dolaze s internetske stranice koje posje\u0107ujete, a mogu biti trajni ili privremeni.<span class=\"Apple-converted-space\">\u00a0<\/span><\/p>\n<p class=\"p1\"><b>Kola\u010di\u0107i tre\u0107e strane<\/b><\/p>\n<p class=\"p1\">Kola\u010di\u0107i tre\u0107e strane <span class=\"s2\">na ure\u0111aj korisnika \u0161alju se s drugih internetskih stranica<\/span>. Pomo\u0107u tih kola\u010di\u0107a, internetske stranice mogu pratiti kori\u0161tenje interneta u marketin\u0161ke svrhe.<\/p>\n<p class=\"p1\"><b>Koje kola\u010di\u0107e koristimo na na\u0161oj internetskoj stranici<\/b><\/p>\n<p class=\"p1\">Internetska stranica www.theredconference.com<span class=\"Apple-converted-space\">\u00a0 <\/span>koristi sljede\u0107e <b>nu\u017ene\/tehni\u010dke i analiti\u010dke\/statisti\u010dke kola\u010di\u0107e<\/b>.<\/p>\n<ul class=\"ul1\">\n<li class=\"li1\"><b>Nu\u017eni\/tehni\u010dki kola\u010di\u0107i<\/b> koje koristimo:<\/li>\n<\/ul>\n<p class=\"p4\">Budu\u0107i da su ovi kola\u010di\u0107i strogo neophodni za funkcioniranje ove internetske stranice (kao npr. za osiguravanje sigurnog pristupa ili prilago\u0111avanje va\u0161ih preferencija privole), ne moramo tra\u017eiti va\u0161u privolu prije njihovog postavljanja. Me\u0111utim, mo\u017eete ih onemogu\u0107iti u va\u0161em pregledniku. Ako su takvi kola\u010di\u0107i onemogu\u0107eni, internetska stranica ne\u0107e ispravno funkcionirati.<\/p>\n<p>&nbsp;<\/p>\n<table class=\"t1\" cellspacing=\"0\" cellpadding=\"0\" data-pg-name=\"TABLE 1\">\n<tbody data-pg-collapsed=\"\">\n<tr class=\"table-header\" data-pg-collapsed=\"\">\n<td class=\"td1\" valign=\"middle\">\n<p class=\"p1\">Naziv kola\u010di\u0107a<\/p>\n<\/td>\n<td class=\"td1\" valign=\"middle\">\n<p class=\"p1\">Pru\u017eatelj<\/p>\n<\/td>\n<td class=\"td1\" valign=\"middle\">\n<p class=\"p1\">Opis svrhe kola\u010di\u0107a<\/p>\n<\/td>\n<td class=\"td1\" valign=\"middle\">\n<p class=\"p1\">Trajanje kola\u010di\u0107a<\/p>\n<\/td>\n<\/tr>\n<tr>\n<td class=\"td1\" valign=\"middle\">\n<p class=\"p1\">PH_HPXY_CHECK<\/p>\n<\/td>\n<td class=\"td1\" valign=\"middle\">\n<p class=\"p5\"><span class=\"s5\">www.theredconference.com<\/span><\/p>\n<\/td>\n<td class=\"td1\" valign=\"middle\">\n<p class=\"p1\">Ovaj se kola\u010di\u0107 koristi za pohranu pojedinosti o sesiji koja je u tijeku, koristi sigurnosni mehanizam za sprje\u010davanje brutalnih napada i ne dopu\u0161ta identifikaciju odre\u0111enog korisnika.<\/p>\n<\/td>\n<td class=\"td1\" valign=\"middle\">\n<p class=\"p6\">Ovo je kola\u010di\u0107 sesije i bri\u0161e se kada se zatvore svi prozori preglednika<\/p>\n<\/td>\n<\/tr>\n<tr>\n<td class=\"td1\" valign=\"middle\">\n<p class=\"p1\">Cookieyes-consent<\/p>\n<\/td>\n<td class=\"td1\" valign=\"middle\">\n<p class=\"p1\">cookieyes.com<\/p>\n<\/td>\n<td class=\"td1\" valign=\"middle\">\n<p class=\"p1\">Ovaj se kola\u010di koristi kako bi se zapamtilo postavke privole korisnika te njihove postavke po\u0161tivale prilikom sljede\u0107eg posjeta korisnika ovoj stranici.<\/p>\n<\/td>\n<td class=\"td1\" valign=\"middle\">\n<p class=\"p1\">1 godina<\/p>\n<\/td>\n<\/tr>\n<tr>\n<td class=\"td1\" valign=\"middle\">\n<p class=\"p1\">_GRECAPTCHA<\/p>\n<\/td>\n<td class=\"td1\" valign=\"middle\">\n<p class=\"p1\">Google reCAPTCHA<\/p>\n<\/td>\n<td class=\"td1\" valign=\"middle\">\n<p class=\"p1\">Kola\u010di\u0107 se koristi za pru\u017eanje za\u0161tite od spama i analize rizika<\/p>\n<\/td>\n<td class=\"td1\" valign=\"middle\">\n<p class=\"p7\">6 mjeseci<\/p>\n<\/td>\n<\/tr>\n<\/tbody>\n<\/table>\n<p>&nbsp;<\/p>\n<p class=\"p1\">Tako\u0111er, za potrebe prijave na na\u0161 tzv. \u201c<i>newsletter<\/i>\u201d putem obrasca dostupnog na na\u0161im internetskim stranicama koristimo poddomenu <a href=\"https:\/\/0q06n.mjt.lu\/\">https:\/\/0q06n.mjt.lu\/<\/a> koju koristi Mailjet. Tom prilikom Mailjet mo\u017ee postaviti kola\u010di\u0107e koji su nu\u017eni za potrebe prijave i slanja tzv. \u201c<i>newsletter-a<\/i>\u201d. Vi\u0161e informacija dostupno je na <a href=\"https:\/\/www.mailjet.com\/\">https:\/\/www.mailjet.com\/<\/a>.<\/p>\n<ul class=\"ul1\">\n<li class=\"li1\"><b>Analiti\u010dki\/statisti\u010dki kola\u010di\u0107i<\/b> koje koristimo:<\/li>\n<\/ul>\n<p class=\"p1\">Ove kola\u010di\u0107e koristimo za razumijevanje na\u010dina na koji posjetitelji stupaju u interakciju\/se koriste s ovom internetskom stranicom. Ovi kola\u010di\u0107i nam poma\u017eu u pru\u017eanju informacija o mjernim podacima, kao \u0161to su broj posjetitelja, stopa napu\u0161tanja stranice bez poduzimanja bilokakvih radnji na istoj, na koji na\u010din ste do\u0161li do na\u0161e stranice itd., a koje informacije koristimo kako bi pobolj\u0161ali na\u0161u stranicu. Koristimo ih isklju\u010divo ukoliko ste nam dali va\u0161u prethodnu privolu. <span class=\"Apple-converted-space\">\u00a0<\/span><\/p>\n<p class=\"p1\">Koristimo analiti\u010dke\/statisti\u010dke kola\u010di\u0107e sljede\u0107eg pru\u017eatelja usluge:<\/p>\n<p class=\"p1\">Google Analytics, usluga internetske analize koju pru\u017ea Google Inc. Google Analytics ne omogu\u0107uje identifikaciju korisnika. To se posti\u017ee dodjeljivanjem nasumce generiranog broja kao identifikatora pojedinog posjetitelja stranice. Informacije koje generira kola\u010di\u0107 o va\u0161oj upotrebi ovog internetskog mjesta prenose se u Sjedinjene Ameri\u010dke Dr\u017eave. Za vi\u0161e informacija, pogledajte Pravila o privatnosti i sigurnosti podataka na sljede\u0107oj poveznici: <a href=\"https:\/\/support.google.com\/analytics\/answers\/6004245\">https:\/\/support.google.com\/analytics\/answers\/6004245<\/a>. Tako\u0111er, informacije o na\u010dinu na koji Google Analytics upotrebljava podatke potra\u017eite u odjeljku \u201eKako Google upotrebljava podatke kada upotrebljavate mre\u017ena mjesta ili aplikacije na\u0161ih partnera\u201c koji se nalazi na adresi <a href=\"https:\/\/www.google.com\/policies\/privacy\">https:\/\/www.google.com\/policies\/privacy<\/a>\/partners. <span class=\"Apple-converted-space\">\u00a0<\/span><\/p>\n<p>&nbsp;<\/p>\n<table class=\"t1\" cellspacing=\"0\" cellpadding=\"0\" data-pg-name=\"TABLE2\" data-pg-collapsed=\"\">\n<tbody>\n<tr class=\"table-header\">\n<td class=\"td1\" valign=\"middle\">\n<p class=\"p1\">Naziv kola\u010di\u0107a<\/p>\n<\/td>\n<td class=\"td1\" valign=\"middle\">\n<p class=\"p1\">Pru\u017eatelj<\/p>\n<\/td>\n<td class=\"td1\" valign=\"middle\">\n<p class=\"p1\">Opis svrhe kola\u010di\u0107a<\/p>\n<\/td>\n<td class=\"td1\" valign=\"middle\">\n<p class=\"p1\">Trajanje kola\u010di\u0107a<\/p>\n<\/td>\n<\/tr>\n<tr>\n<td class=\"td1\" valign=\"middle\">\n<p class=\"p9\">_ga_*<\/p>\n<\/td>\n<td class=\"td1\" valign=\"middle\">\n<p class=\"p9\">Google Analytics<\/p>\n<\/td>\n<td class=\"td1\" valign=\"middle\">\n<p class=\"p1\">Ovaj se kola\u010di\u0107 koristi za pohranu i brojanje pregleda stranica.<\/p>\n<\/td>\n<td class=\"td1\" valign=\"middle\">\n<p class=\"p1\">1 godina, 1 mjesec, 4 dana<\/p>\n<\/td>\n<\/tr>\n<tr>\n<td class=\"td1\" valign=\"middle\">\n<p class=\"p9\">_ga<\/p>\n<\/td>\n<td class=\"td1\" valign=\"middle\">\n<p class=\"p9\">Google Analytics<\/p>\n<\/td>\n<td class=\"td1\" valign=\"middle\">\n<p class=\"p1\">Ovaj se kola\u010di\u0107 koristi za izra\u010dunavanje podataka o posjetiteljima, sesijama i kampanjama te pra\u0107enje kori\u0161tenja internetske stranice za potrebe analiti\u010dkog izvje\u0161\u0107a internetske stranice.<\/p>\n<p class=\"p1\">Kola\u010di\u0107 pohranjuje podatke anonimno i dodjeljuje nasumi\u010dno generirani broj za prepoznavanje jedinstvenih posjetitelja<\/p>\n<\/td>\n<td class=\"td1\" valign=\"middle\">\n<p class=\"p1\">1 godina, 1 mjesec, 4 dana<\/p>\n<\/td>\n<\/tr>\n<\/tbody>\n<\/table>\n<p>&nbsp;<\/p>\n<p class=\"p1\"><b>Kako prihvatiti ili odbiti kola\u010di\u0107e<\/b><\/p>\n<p class=\"p1\">Va\u0161i prvim dolaskom na internetsku stranicu <a href=\"http:\/\/www.theredconference.com\">www.theredconference.com<\/a> pojavit \u0107e vam se<span class=\"Apple-converted-space\">\u00a0 <\/span>Obavijest o postavkama kola\u010di\u0107a. Odabirom odgovaraju\u0107e opcije dajete privolu za pohranu gore navedene vrste kola\u010di\u0107a prema njihovoj svrsi obrade (<span class=\"s6\">analiti\u010dki\/statisti\u010dki) <\/span>na va\u0161e ra\u010dunalo ili mobilni ure\u0111aj. Nu\u017eni kola\u010di\u0107i \u0107e uvijek biti aktivni. <span class=\"s2\">Me\u0111utim, mo\u017eete ih onemogu\u0107iti u va\u0161em pregledniku. Ako su takvi kola\u010di\u0107i onemogu\u0107eni, internetska stranica ne\u0107e ispravno funkcionirati.<\/span><\/p>\n<p class=\"p1\">Nakon odabira postavki, u svakom trenutku mo\u017eete na isti na\u010din promijeniti va\u0161e po\u010detne postavke kola\u010di\u0107a.<\/p>\n<p class=\"p1\"><b>Dodatne informacije oko isklju\u010divanja kola\u010di\u0107a<\/b><\/p>\n<p class=\"p1\">Dodatno, postavke kola\u010di\u0107a mogu se kontrolirati i konfigurirati i u va\u0161em internetskom pregledniku, gdje tako\u0111er mo\u017eete prihvatiti li odbiti neke ili sve kola\u010di\u0107e prilago\u0111avanjem postavki va\u0161eg preglednika. Za informacije o postavkama kola\u010di\u0107a, odaberite internetski preglednik koji koristite. Na sljede\u0107im poveznicama mo\u017eete prona\u0107i informacije o tome kako promijeniti postavke za neke od naj\u010de\u0161\u0107e kori\u0161tenih internetskih preglednika:<\/p>\n<ul class=\"ul1\">\n<li class=\"li1\">Google Chrome<\/li>\n<li class=\"li1\">Microsoft Internet Explorer<\/li>\n<li class=\"li1\">Mozilla Firefox<\/li>\n<li class=\"li1\">Apple Safari<\/li>\n<li class=\"li1\">Opera<\/li>\n<li class=\"li1\">Android Browser<\/li>\n<li class=\"li1\">Edge<\/li>\n<\/ul>\n<p class=\"p1\">Tako\u0111er, mo\u017eete izbrisati kola\u010di\u0107e koji su prethodno bili postavljeni u va\u0161 preglednik i tako da odaberete opciju za brisanje povijesti pregledavanja i pritom uklju\u010dite i opciju brisanja kola\u010di\u0107a.<span class=\"Apple-converted-space\">\u00a0<\/span><\/p>\n<p class=\"p1\">Nadalje, Google je razvio dodatak za preglednike kojim mo\u017eete isklju\u010diti kori\u0161tenje va\u0161ih podataka za Google Analytics. To mo\u017eete u\u010diniti na sljede\u0107oj poveznici <a href=\"http:\/\/tools.google.com\/dlpage\/gaoptout\"><span class=\"s7\">http:\/\/tools.google.com\/dlpage\/gaoptout<\/span><\/a>.<\/p>\n<p class=\"p1\">Trenutno postoji nekoliko internetskih stranica za isklju\u010divanje pohranjivanja kola\u010di\u0107a za razli\u010dite servise. O navedenoj temi se mo\u017eete podrobno informirati na sljede\u0107im poveznicama:<\/p>\n<p class=\"p11\"><a href=\"http:\/\/www.youronlinechoices.eu\/\"><span class=\"s5\">http:\/\/www.youronlinechoices.eu\/<\/span><\/a><\/p>\n<p class=\"p11\"><a href=\"http:\/\/www.aboutads.info\/choices\/\"><span class=\"s5\">http:\/\/www.aboutads.info\/choices\/<\/span><\/a><\/p>\n<p class=\"p1\">Budu\u0107i da je svrha kola\u010di\u0107a pobolj\u0161anje i omogu\u0107ivanje \u0161to boljeg korisni\u010dkog iskustva kori\u0161tenja na\u0161e internetske stranice, sprje\u010davanjem ili brisanjem kola\u010di\u0107a mo\u017eete onemogu\u0107iti funkcioniranje pojedine zna\u010dajke stranice ili prouzro\u010diti druga\u010diji rad i izgled u va\u0161em pregledniku.<\/p>\n<p class=\"p1\"><b>Izmjene Politike kola\u010di\u0107a<\/b><\/p>\n<p class=\"p1\">HESA Group<span class=\"Apple-converted-space\">\u00a0 <\/span>zadr\u017eava pravo a\u017euriranja ove Politike kola\u010di\u0107a kako se na\u0161a praksa razvija ili kao odgovor na pravne, operativne ili regulatorne razloge.<\/p>\n<p class=\"p1\">Svaku izmjenu koju naknadno unesemo objaviti \u0107emo na ovoj internetskoj stranici te Vas pravodobno o tome obavijestiti.<\/p>\n<p class=\"p1\">U mjeri u kojoj se bilo koji osobni podatak prikuplja putem kola\u010di\u0107a ili sli\u010dnih tehnologija, na\u0161a se Politika privatnosti primjenjuje i nadopunjuje ovu Politiku. Za sve informacije vezane uz obradu osobnih podataka na na\u0161im internetskim stranicama kao i va\u0161a prava u svezi za\u0161tite osobnih podataka, molimo pro\u010ditajte na\u0161u <a href=\"https:\/\/theredconference.com\/privatnost\/\"><span class=\"s1\"><b>Politiku privatnosti<\/b><\/span><\/a>.<span class=\"Apple-converted-space\">\u00a0<\/span><\/p>\n<p class=\"p1\">Kontaktirajte nas<\/p>\n<p class=\"p1\">Ako trebate vi\u0161e informacija ili imate pitanja u vezi s na\u0161om Politikom kola\u010di\u0107a, kontaktirajte nas na: HESA Group d.o.o., Trg Antuna, Ivana i Vladimira Ma\u017eurani\u0107a 13, Zagreb, Hrvatska<\/p>\n<p class=\"p1\">E-mail: <a href=\"mailto:info@hesa-group.com\">info@hesa-group.com<\/a><\/p>\n","protected":false},"excerpt":{"rendered":"<p>Politika kola\u010di\u0107a HESA Group d.o.o. sa sjedi\u0161tem u Zagrebu,\u00a0 Trg Ivana, Antuna i Vladimira Ma\u017eurani\u0107a 13,\u00a0 OIB: 66631337112,\u00a0 upisano pri sudskom registru Trgova\u010dkog suda u Zagrebu pod MBS: 080476091,\u00a0 kontakt: info@hesa-group.com (\u201eHESA Group\u201c) Datum stupanja na snagu: 11.2.2024. Dobrodo\u0161li na theredconference.com. Na\u0161e internetske stranice koriste tehnologiju za automatsko prikupljanje informacija o uporabi. Naime, kada pristupite [&hellip;]<\/p>\n","protected":false},"author":1,"featured_media":0,"parent":0,"menu_order":0,"comment_status":"closed","ping_status":"closed","template":"template-text.php","meta":{"_acf_changed":false,"_monsterinsights_skip_tracking":false,"_monsterinsights_sitenote_active":false,"_monsterinsights_sitenote_note":"","_monsterinsights_sitenote_category":0,"footnotes":""},"class_list":["post-36","page","type-page","status-publish","hentry"],"acf":[],"aioseo_notices":[],"_links":{"self":[{"href":"https:\/\/theredconference.com\/en\/wp-json\/wp\/v2\/pages\/36","targetHints":{"allow":["GET"]}}],"collection":[{"href":"https:\/\/theredconference.com\/en\/wp-json\/wp\/v2\/pages"}],"about":[{"href":"https:\/\/theredconference.com\/en\/wp-json\/wp\/v2\/types\/page"}],"author":[{"embeddable":true,"href":"https:\/\/theredconference.com\/en\/wp-json\/wp\/v2\/users\/1"}],"replies":[{"embeddable":true,"href":"https:\/\/theredconference.com\/en\/wp-json\/wp\/v2\/comments?post=36"}],"version-history":[{"count":0,"href":"https:\/\/theredconference.com\/en\/wp-json\/wp\/v2\/pages\/36\/revisions"}],"wp:attachment":[{"href":"https:\/\/theredconference.com\/en\/wp-json\/wp\/v2\/media?parent=36"}],"curies":[{"name":"wp","href":"https:\/\/api.w.org\/{rel}","templated":true}]}}