{"id":38,"date":"2023-10-02T20:55:42","date_gmt":"2023-10-02T20:55:42","guid":{"rendered":"http:\/\/localhost:10018\/?page_id=38"},"modified":"2025-12-31T15:57:07","modified_gmt":"2025-12-31T15:57:07","slug":"opci-uvjeti","status":"publish","type":"page","link":"https:\/\/theredconference.com\/en\/general-conditions\/","title":{"rendered":"General conditions"},"content":{"rendered":"<h1 class=\"p1\"><b>OP\u0106I UVJETI SUDJELOVANJA NA RE:D Konferenciji<\/b><\/h1>\n<p class=\"p2\"><b>\u010clanak 1.<\/b><\/p>\n<p class=\"p3\">Ovi Op\u0107<span class=\"hljs-selector-tag\">i<\/span> uvjeti sudjelovanja na RE:D konferenciji (dalje: \u201e<strong>Op\u0107i uvjeti<\/strong>\u201c) ure\u0111uju uvjete sudjelovanja na RE:D konferenciji koja \u0107e se odr\u017eati <span class=\"hljs-number\">18<\/span>. \u2013 19. o\u017eujka <span class=\"hljs-number\">2026<\/span>. u hotelu\u00a0Hilton Conference &amp; Event Center\u00a0u Zagrebu (dalje: \u201e<strong>Konferencija<\/strong>\u201c).<\/p>\n<p class=\"p3\">Organizator Konferencije je HESA GROUP d.o.o., sa sjedi\u0161tem u Zagrebu, Trg Ivana, Antuna i Vladimira Ma\u017eurani\u0107a 13, OIB: 66631337112, upisano pri sudskom registru Trgova\u010dkog suda u Zagrebu pod MBS: 080476091, kontakt: <a href=\"mailto:info@hesa-group.com\">info@hesa-group.com<\/a> (dalje: \u201e<b>Organizator<\/b>\u201c).<\/p>\n<p class=\"p3\">Prihva\u0107anjem Op\u0107ih uvjeta potvr\u0111ujete kako nastupate unutar svoje trgova\u010dke, poslovne, obrtni\u010dke ili profesionalne djelatnosti te se ne smatrate potro\u0161a\u010dem u smislu prava koje se primjenjuje na vas. Tako\u0111er potvr\u0111ujete da imate ovlast prihvatiti ove Op\u0107e uvjete, odnosno da ste osoba ovla\u0161tena u ime pravne osobe izvr\u0161iti prijavu na Konferenciju odnosno prihvatiti Op\u0107e uvjete.<\/p>\n<p class=\"p2\"><b>\u010clanak 2.<\/b><\/p>\n<p class=\"p2\"><b>Registracija sudionika<\/b><\/p>\n<p class=\"p3\">Konferencija je namijenjena dru\u0161tvima svih veli\u010dina kao i pojedincima koji djeluju unutar svoje trgova\u010dke, poslovne, obrtni\u010dke i profesionalne djelatnosti. Konferencija je na temu investicija u sve vrste nekretnina.<\/p>\n<p class=\"p3\">Prijava na Konferenciju vr\u0161i se kori\u0161tenjem sustava registracije na web stranici <a href=\"https:\/\/theredconference.com\/registracija\/\">https:\/\/theredconference.com\/registracija\/<\/a> (\u201e<b>Web stranica<\/b>\u201c) te povezanim prihva\u0107anjem ovih Op\u0107ih uvjeta (dalje: \u201e<b>Prijava<\/b>\u201c). Prijavu je potrebno izvr\u0161iti u rokovima navedenim u programu koji je objavljen na Web stranici. U slu\u010daju da je prije isteka roka za prijavu sudionika popunjen maksimalan broj sudionika, Prijava vi\u0161e ne\u0107e biti mogu\u0107a. Kako biste podnijeli valjanu prijavu, potrebno je ispuniti sljede\u0107e obvezne informacije koje trebamo od vas da bismo vas registrirali kao sudionika: va\u0161e ime prezime, naziv radnog mjesta (funkcija), podaci o tvrtki ili obrtu, adresi i OIB-u, broj fiksnog telefona\/ mobitela i adresu e-po\u0161te. Postavit \u0107emo vam i pojedina dodatna pitanja (primjerice u cilju obra\u010duna uglji\u010dnog otiska konferencije ili investicijama) a na koja niste obvezni odgovoriti isklju\u010divo u svrhu Prijave. Va\u0161e osobne podatke prikupljene u svrhu Prijave obra\u0111ujemo u skladu s na\u0161om <a href=\"https:\/\/theredconference.com\/privatnost\/\"><span class=\"s2\"><b>Politikom privatnosti<\/b><\/span><\/a>.<\/p>\n<p class=\"p3\">Po uspje\u0161no izvr\u0161enoj Prijavi, na adresu elektroni\u010dke po\u0161te koju ste naveli u postupku prijave dobit \u0107ete poruku s podacima o uplati.. Nakon zaprimljene uplate dostavit \u0107emo Vam ra\u010dun za predujam odnosno R1, ovisno o datumu uplate te primjenjivim propisima. U slu\u010daju da sudionik ne primi potvrdu o registraciji, unutar 3 dana nakon \u0161to je uplata izvr\u0161ena, sudionik je du\u017ean kontaktirati Organizatora na email: <a href=\"mailto:info@hesa-group.com\">info@hesa-group.com<\/a>. Sudionici \u0107e najkasnije tri dana prije odr\u017eavanja konferencije na svoju adresu elektroni\u010dke po\u0161te od strane ENTRIO TEHNOLOGIJE d.o.o. ili Organizatora primiti QR kod za izradu akreditacije za Konferenciju. Navedeni QR kod je potrebno skenirati prilikom dolaska na Konferenciju na u tu svrhu postavljenim ure\u0111ajima koji ispisuju akreditaciju sudionika. Za pristup Konferenciji sudionik mora imati akreditaciju koja se dobiva putem naprijed navedenog QR koda. Iznimno, u slu\u010daju da sudionik iz bilo kojeg razloga ne\u0107e imati QR kod, pristup Konferenciji ostvarit \u0107e prijavom kod Organizatora koji \u0107e u tu svrhu izvr\u0161iti uvid u njegov identifikacijski dokument.<\/p>\n<p class=\"p2\"><b>\u010clanak 3.<\/b><\/p>\n<p class=\"p2\"><b>Kotizacija<\/b><\/p>\n<p class=\"p3\">Visina kotizacije ovisi o datumu uplate, odnosno cijenama nazna\u010denim za pojedina vremenska razdoblja prije Konferencije. Cijena su dostupne i objavljene na podstranici Web stranice na kojoj se nalazi registracijski sustav. Nazna\u010dene cijene odnosno popusti nisu primjenjivi ako je pla\u0107anje izvr\u0161eno nakon datuma do kojeg vrijede. Ukoliko je uplata izvr\u0161ena unutar 48 sati prije Konferencije, potvrdu je potrebno predo\u010diti na prijavnom pultu prilikom dolaska na Konferenciju.<span class=\"Apple-converted-space\">\u00a0<\/span><\/p>\n<p class=\"p3\">Kotizacija uklju\u010duje:<\/p>\n<ul class=\"ul1\">\n<li class=\"li3\">sudjelovanje u svim stru\u010dnim sadr\u017eajima Konferencije: predavanja, radionice, rasprave, prezentacije, intervjui<\/li>\n<li class=\"li3\">obroci prema rasporedu Konferencije (ru\u010dak 18. <span class=\"hljs-selector-tag\">i<\/span> <span class=\"hljs-number\">19<\/span>. o\u017eujka <span class=\"hljs-number\">2025<\/span>.)<\/li>\n<li class=\"li3\">kava <span class=\"hljs-selector-tag\">i<\/span> slastice u pauzi <span class=\"hljs-number\">18<\/span>. <span class=\"hljs-selector-tag\">i<\/span> <span class=\"hljs-number\">19<\/span>. o\u017eujka <span class=\"hljs-number\">2025.<\/span><\/li>\n<li class=\"li3\">networking<i> <\/i>(i putem aplikacije)<\/li>\n<\/ul>\n<p class=\"p3\">Kako bi Organizator sudionicima omogu\u0107io bolji networking, Organizator mo\u017ee svakom sudioniku omogu\u0107iti pristup slu\u017ebenoj aplikaciji Konferencije i to za iOS i Android sustave, kojoj oni sudionici koji to \u017eele mogu pristupiti, me\u0111usobno se kontaktirati i dogovoriti susrete s ostalim sudionicima Konferencije. Svi sudionici podatke potrebne za pristup aplikaciji primit \u0107e putem nazna\u010dene adrese elektroni\u010dke po\u0161te. Takva aplikacija \u0107e biti aktivna za vrijeme i 6 mjeseci nakon Konferencije. Pojedinosti o tehni\u010dkim zahtjevima, funkcionalnosti, kompatibilnosti, interoperabilnosti i drugim zna\u010dajkama aplikacije bit \u0107e dostupni sudionicima najkasnije na dan po\u010detka Konferencije.<\/p>\n<p class=\"p3\">Kotizacija ne uklju\u010duje ni smje\u0161taj sudionika tijekom Konferencije niti njihove putne i druge osobne tro\u0161kove.<\/p>\n<p class=\"p3\">U kotizaciju nije ura\u010dunat PDV.<\/p>\n<p class=\"p3\">Na kotizaciju se obra\u010dunava PDV po stopi dr\u017eave u kojoj se doga\u0111aj organizira, bez obzira da li se ra\u010dun izdaje pravnoj ili fizi\u010dkoj osobi. U Hrvatskoj je to stopa PDV-a od 25%. U slu\u010daju promjene primjenjive porezne stope, Organizator postupa sukladno zakonskim propisima te zadr\u017eava pravo primjene iste.<\/p>\n<p class=\"p3\">Sudjelovanje na Konferenciji mogu\u0107e je samo sudionicima koji su do datuma odr\u017eavanja Konferencije platili kotizaciju u skladu s uputama Organizatora. Imenovani predava\u010di na Konferenciji sukladno dogovoru s Organizatorom kao i sponzori Konferencije ne pla\u0107aju kotizaciju me\u0111utim obvezni su izvr\u0161iti Prijavu na Web stranici za sudjelovanje na Konferenciji.<span class=\"Apple-converted-space\">\u00a0<\/span><\/p>\n<p class=\"p3\">Sudionici su du\u017eni uplatiti iznos Kotizacije u skladu sa zaprimljenim uputama Organizatora. Kotizacija se upla\u0107uje na bankovni ra\u010dun Organizatora: HESA Group d.o.o., Trg Ivana, Antuna i Vladimira Ma\u017eurani\u0107a 13, HR- 10000 Zagreb, IBAN: HR1623600001102359201, te je prilikom uplate potrebno nazna\u010diti broj ponude, odnosno druge podatke prema podacima za uplatu dostavljenim od strane Organizatora nakon izvr\u0161ene Prijave. <span class=\"Apple-converted-space\">\u00a0<\/span><\/p>\n<p class=\"p3\">Uplatitelj snosi tro\u0161kove potencijalnih tro\u0161kova i bankovnih naknada.<span class=\"Apple-converted-space\">\u00a0<\/span><\/p>\n<p class=\"p2\"><b>\u010clanak 4<\/b><\/p>\n<p class=\"p2\"><b>Sudjelovanje na Konferenciji<span class=\"Apple-converted-space\">\u00a0<\/span><\/b><\/p>\n<p class=\"p3\">Svaki sudionik nakon uredne prijave i uplate kotizacije dobiva potvrdu o sudjelovanju u pisanom obliku.<\/p>\n<p class=\"p3\">Sudionici se obvezuju voditi ra\u010duna o tome da su se prisustvovanjem na Konferenciji obvezni pridr\u017eavati op\u0107ih pravila pristojnog pona\u0161anja, ne ometati druge sudionike i na primjeren na\u010din sudjelovati u radu svih osoba uklju\u010denih u rad Konferencije. Predmetno uklju\u010duje ali nije ograni\u010deno na zabranu ometanja drugih sudionika Konferencije, zabranu ugro\u017eavanja sigurnosti ili dovo\u0111enja u opasnost bilo kojeg od sudionika, zabranu audiosnimanja, videosnimanja i fotografiranja osoba i stvari bez posebnog dopu\u0161tenja.<\/p>\n<p class=\"p3\">U slu\u010daju nepridr\u017eavanja navedenih pravila pona\u0161anja Organizator zadr\u017eava pravo nakon opomene udaljiti tog sudionika s Konferencije i zadr\u017eati upla\u0107enu kotizaciju.<\/p>\n<p class=\"p2\"><b>\u010clanak 5.<\/b><\/p>\n<p class=\"p2\"><b>Promjene u vezi s odr\u017eavanjem Konferencije<\/b><\/p>\n<p class=\"p3\">Organizator zadr\u017eava pravo izmjene unutar programa doga\u0111anja Konferencije (uklju\u010duju\u0107i izmjenu predava\u010da ili govornika). Ove izmjene uvjetovane razlozima za koje nije odgovoran niti se mogu pripisati Organizatoru ne utje\u010du na sni\u017eenje cijene kotizacije ili njen djelomi\u010dni povrat.<\/p>\n<p class=\"p3\">Organizator zadr\u017eava pravo promjene datuma Konferencije iz razloga za koje nije odgovoran niti se mogu pripisati Organizatoru. U ovom slu\u010daju, Sudionik ima pravo zatra\u017eiti raskid ugovora i povrat cjelokupnog iznosa upla\u0107enog na ime kotizacije.<\/p>\n<p class=\"p2\"><b>\u010clanak 6.<\/b><\/p>\n<p class=\"p2\"><b>Obveze Organizatora<\/b><\/p>\n<p class=\"p3\">Organizator zadr\u017eava pravo promjene rasporeda unutar programa odr\u017eavanja Konferencije, o \u010demu \u0107e sudionici biti pravovremeno obavije\u0161teni putem Web Stranice. U slu\u010daju zna\u010dajnijih izmjenama, Organizator \u0107e sudionike obavijestiti i putem poruke elektroni\u010dke po\u0161te.<span class=\"Apple-converted-space\">\u00a0<\/span><\/p>\n<p class=\"p3\">Ne dovode\u0107i naprijed navedeno u pitanje, Organizator je odgovoran za provedbu programa Konferencije u sadr\u017eaju kako je objavljen u vrijeme odr\u017eavanja Konferencije , po\u0161tuju\u0107i uobi\u010dajene obi\u010daje dobre prakse.<span class=\"Apple-converted-space\">\u00a0<\/span><\/p>\n<p class=\"p3\">Po zavr\u0161etku Konferencije Organizator \u0107e svakom sudioniku dostaviti potvrdu o sudjelovanju u pisanom obliku.<span class=\"Apple-converted-space\">\u00a0<\/span><\/p>\n<p class=\"p2\"><b>\u010clanak 7.<\/b><\/p>\n<p class=\"p2\"><b>Otkazivanje Konferencije od strane Organizatora<\/b><\/p>\n<p class=\"p3\">U slu\u010daju otkazivanja Konferencije od strane Organizatora (primjerice zbog vi\u0161e sile, potresa, kao i drugih prirodnih nepogoda, nedovoljnog broja sudionika (manje od 100) ili iz ostalih razloga koji su izvan kontrole Organizatora), upla\u0107ena kotizacija se vra\u0107a sudioniku. Ovo se ne odnosi na ostale tro\u0161kove koje bi sudionik mogao imati.<\/p>\n<p class=\"p3\">Organizator se obvezuje na vrijeme obavijestiti sve prijavljene sudionike u slu\u010daju otkazivanja Konferencije, a najkasnije 7 dana prije zakazanog dana po\u010detka Konferencije.<span class=\"Apple-converted-space\">\u00a0<\/span><\/p>\n<p class=\"p3\">U slu\u010daju nepovoljne epidemiolo\u0161ke situacije te u skladu s uputama i preporukama nadle\u017enih tijela Organizator zadr\u017eava pravo prenijeti odr\u017eavanje Konferencije i (samo) putem Interneta (<i>online<\/i>) u kojem slu\u010daju \u0107e o tome putem elektroni\u010dke po\u0161te obavijestiti sve sudionike. Osim toga, Organizator \u0107e postupati sukladno svim preporukama nadle\u017enih tijela koje mogu uklju\u010divati mjerenje temperature, obvezno no\u0161enje maski, odr\u017eavanje potrebnog razmaka i druge mjere u skladu s odlukama i preporukama nadle\u017enih tijela. U tom slu\u010daju, sudionici su obvezni postupati u skladu s uputama. U slu\u010daju da se sudionik ne pona\u0161a u skladu s obveznim preporukama i odlukama Organizatora, Organizator ga mo\u017ee nakon \u0161to ga je opomenuo udaljiti sa skupa i zadr\u017eati upla\u0107enu Kotizaciju.<\/p>\n<p class=\"p3\">Organizator ne snosi odgovornost za neodgovorno ili protupravno pona\u0161anje sudionika, ali je du\u017ean u\u010diniti sve da se Sudionici pridr\u017eavaju epidemiolo\u0161kih mjera i preporuka izdanih od strane nadle\u017enih tijela \u0161to uklju\u010duje ali nije ograni\u010deno da rasporedi stolice, izmjeri temperaturu, omogu\u0107i brze testove i sl.<\/p>\n<p class=\"p2\"><b>\u010clanak 8.<\/b><\/p>\n<p class=\"p2\"><b>Otkazivanje od strane sudionika<\/b><\/p>\n<p class=\"p3\">Otkaz ve\u0107 potvr\u0111ene Prijave od strane sudionika mora biti u pisanom obliku, uklju\u010duju\u0107i putem poruke elektroni\u010dke po\u0161te na gore nazna\u010denu adresu elektroni\u010dke po\u0161te Organizatora.<\/p>\n<p class=\"p3\">Za otkaze izvr\u0161ene od strane sudionika vrijede slijede\u0107i uvjeti povrata Kotizacije:<b><span class=\"Apple-converted-space\">\u00a0<\/span><\/b><\/p>\n<ul class=\"ul1\">\n<li class=\"li3\">Otkaz zaprimljen do <span class=\"hljs-selector-tag\">i<\/span> uklju\u010duju\u0107<span class=\"hljs-selector-tag\">i<\/span> <span class=\"hljs-number\">22<\/span>. sije\u010dnja <span class=\"hljs-number\">2025<\/span>.: povrat kotizacije u punom iznosu.<\/li>\n<li class=\"li3\">U slu\u010daju nedolaska na Konferenciju, a da Konferencija nije otkazana u skladu s ovdje navedenim otkaznim uvjetima, sudionik nema pravo na povrat novca;<\/li>\n<li class=\"li3\"><span class=\"Apple-converted-space\">Za otkaze zaprimljene nakon 22. sije\u010dnja <span class=\"hljs-number\">2025<\/span>. sudionici ne ostvaruju pravo na povrat Kotizacije. <\/span><\/li>\n<\/ul>\n<p class=\"p3\">U slu\u010daju dvostruke uplate ili preplate, izvr\u0161it \u0107e se povrat prepla\u0107enog\/ dvostruko upla\u0107enog sukladno primjenjivim propisima.<\/p>\n<p class=\"p3\">Izmjenu imena osobe sudionika mogu\u0107e je prijaviti u pisanom obliku (uklju\u010duju\u0107i gore navedenu adresu elektroni\u010dke po\u0161te) najkasnije dva dana prije po\u010detka Konferencije.<span class=\"Apple-converted-space\">\u00a0<\/span><\/p>\n<p class=\"p3\">Djelomi\u010dnim sudjelovanjem na Konferenciji, odnosno zaka\u0161njelim dolaskom ili ranijim odlaskom sudionika, ne nastaje pravo na smanjenje kotizacije.<span class=\"Apple-converted-space\">\u00a0<\/span><\/p>\n<p class=\"p2\"><b>\u010clanak 9.<\/b><\/p>\n<p class=\"p2\"><b>Pitanja, pritu\u017ebe i prigovori<\/b><\/p>\n<p class=\"p3\">Za sva pitanja, pritu\u017ebe i prigovore obratite nam se na info@hesa-group.com. Obvezujemo se odgovoriti bez odgode a najkasnije u roku od 5 radnih dana.<\/p>\n<p class=\"p2\"><b>\u010clanak 10.<\/b><\/p>\n<p class=\"p2\"><b>Objavljivanje materijala<\/b><\/p>\n<p class=\"p3\">Sva doga\u0111anja u sklopu RE:D Konferencije 2025 bit \u0107e fotografirana i snimljena od strane slu\u017ebenog fotografa. Sve povezane obavijesti i mogu\u0107nost prigovora vezani za fotografiranje i video snimanje dostupni su u na\u0161oj <span class=\"s2\"><b><a href=\"https:\/\/theredconference.com\/privatnost\/\">Politici<span class=\"Apple-converted-space\">\u00a0 <\/span>privatnosti<\/a>.<\/b><\/span> <span class=\"Apple-converted-space\">\u00a0<\/span><\/p>\n<p class=\"p2\"><b>\u010clanak 11.<\/b><\/p>\n<p class=\"p2\"><b>Za\u0161tita osobnih podataka<\/b><\/p>\n<p class=\"p3\">Organizator postupa sa osobnim podacima fizi\u010dkih osoba koje se prijavljuju i sudjeluju na Konferenciji u skladu s Op\u0107om uredbom o za\u0161titi podataka (engl. General Data Protection Regulation \u2013 GDPR) i Zakonom o provedbi Op\u0107e uredbe o za\u0161titi podataka. Organizator za\u0161titi osobnih podataka pristupa vrlo ozbiljno, a vi\u0161e obavijesti o obradi svojih osobnih podataka svi sudionici odnosno fizi\u010dke osobe koje sudjeluju na Konferenciji dostupno je u <a href=\"https:\/\/theredconference.com\/privatnost\/\"><strong>P<\/strong><span class=\"s2\"><b>olitici privatnosti<\/b><\/span><\/a>.<span class=\"Apple-converted-space\">\u00a0<\/span><\/p>\n<p class=\"p2\"><b>\u010clanak 12.<\/b><\/p>\n<p class=\"p2\"><b>Zavr\u0161ne odredbe<\/b><\/p>\n<p class=\"p3\">U slu\u010daju da je bilo koja odredba ovih Op\u0107ih uvjeta ni\u0161tetna ili izgubi pravnu snagu odnosno postane nevaljanom, ili se ne mo\u017ee primijeniti zbog promijenjenih okolnosti, valjanost i primjena preostalih odredbi ne\u0107e time biti dovedena u pitanje, a sudionik i Organizator du\u017eni su nejasno\u0107e koje nastanu takvom okolno\u0161\u0107u sporazumno otkloniti, po\u0161tuju\u0107i svrhu sklapanja ugovora kao i zajedni\u010dku namjeru strana.<\/p>\n<p class=\"p3\">Na sva pitanja koja nisu ure\u0111ena odredbama ovih Op\u0107ih uvjeta primjenjuje se posebne pogodbe sklopljene izme\u0111u Organizatora i sudionika u pisanom obliku ako takve postoje kao i materijalno pravo Republike Hrvatske.<\/p>\n<p class=\"p3\">Sve sporove strane \u0107e nastojati rije\u0161iti mirnim putem, a u slu\u010daju spora bit \u0107e nadle\u017ean stvarno nadle\u017ean sud u Zagrebu.<\/p>\n<p class=\"p3\">Ovi Op\u0107i uvjeti doneseni su u Zagrebu i objavljeni na Web stranicama Organizatora dana <span class=\"hljs-number\">15<\/span>.rujna <span class=\"hljs-number\">2024<\/span>.godine., a primjenjuju se na sve Prijave izvr\u0161ene nakon njihove objave na Web stranici.<\/p>\n<p class=\"p3\">HESA Group d.o.o. Zagreb<\/p>\n<p class=\"p3\"><span class=\"hljs-number\">02<\/span>. sije\u010dnja <span class=\"hljs-number\">2025<\/span><\/p>\n","protected":false},"excerpt":{"rendered":"<p>OP\u0106I UVJETI SUDJELOVANJA NA RE:D Konferenciji \u010clanak 1. Ovi Op\u0107i uvjeti sudjelovanja na RE:D konferenciji (dalje: \u201eOp\u0107i uvjeti\u201c) ure\u0111uju uvjete sudjelovanja na RE:D konferenciji koja \u0107e se odr\u017eati 18. \u2013 19. o\u017eujka 2026. u hotelu\u00a0Hilton Conference &amp; Event Center\u00a0u Zagrebu (dalje: \u201eKonferencija\u201c). Organizator Konferencije je HESA GROUP d.o.o., sa sjedi\u0161tem u Zagrebu, Trg Ivana, Antuna [&hellip;]<\/p>\n","protected":false},"author":1,"featured_media":0,"parent":0,"menu_order":0,"comment_status":"closed","ping_status":"closed","template":"template-text.php","meta":{"_acf_changed":false,"_monsterinsights_skip_tracking":false,"_monsterinsights_sitenote_active":false,"_monsterinsights_sitenote_note":"","_monsterinsights_sitenote_category":0,"footnotes":""},"class_list":["post-38","page","type-page","status-publish","hentry"],"acf":[],"aioseo_notices":[],"_links":{"self":[{"href":"https:\/\/theredconference.com\/en\/wp-json\/wp\/v2\/pages\/38","targetHints":{"allow":["GET"]}}],"collection":[{"href":"https:\/\/theredconference.com\/en\/wp-json\/wp\/v2\/pages"}],"about":[{"href":"https:\/\/theredconference.com\/en\/wp-json\/wp\/v2\/types\/page"}],"author":[{"embeddable":true,"href":"https:\/\/theredconference.com\/en\/wp-json\/wp\/v2\/users\/1"}],"replies":[{"embeddable":true,"href":"https:\/\/theredconference.com\/en\/wp-json\/wp\/v2\/comments?post=38"}],"version-history":[{"count":4,"href":"https:\/\/theredconference.com\/en\/wp-json\/wp\/v2\/pages\/38\/revisions"}],"predecessor-version":[{"id":3129,"href":"https:\/\/theredconference.com\/en\/wp-json\/wp\/v2\/pages\/38\/revisions\/3129"}],"wp:attachment":[{"href":"https:\/\/theredconference.com\/en\/wp-json\/wp\/v2\/media?parent=38"}],"curies":[{"name":"wp","href":"https:\/\/api.w.org\/{rel}","templated":true}]}}